{"id":13617,"date":"2020-06-22T17:43:18","date_gmt":"2020-06-22T15:43:18","guid":{"rendered":"https:\/\/tmcomas.com\/aplicaciones\/"},"modified":"2024-10-15T15:23:45","modified_gmt":"2024-10-15T13:23:45","slug":"aplicaciones","status":"publish","type":"page","link":"https:\/\/tmcomas.com\/fr\/aplicaciones\/","title":{"rendered":"Applications"},"content":{"rendered":"\t\t<div data-elementor-type=\"wp-page\" data-elementor-id=\"13617\" class=\"elementor elementor-13617 elementor-1582\" data-elementor-post-type=\"page\">\n\t\t\t\t\t\t<section class=\"elementor-section elementor-top-section elementor-element elementor-element-3ad342d5 elementor-section-boxed elementor-section-height-default elementor-section-height-default\" data-id=\"3ad342d5\" data-element_type=\"section\" data-e-type=\"section\" data-settings=\"{&quot;background_background&quot;:&quot;classic&quot;}\">\n\t\t\t\t\t\t<div class=\"elementor-container elementor-column-gap-default\">\n\t\t\t\t\t<div class=\"elementor-column elementor-col-100 elementor-top-column elementor-element elementor-element-7a31686b\" data-id=\"7a31686b\" data-element_type=\"column\" data-e-type=\"column\">\n\t\t\t<div class=\"elementor-widget-wrap elementor-element-populated\">\n\t\t\t\t\t\t<div class=\"elementor-element elementor-element-67bbcce5 elementor-widget elementor-widget-heading\" data-id=\"67bbcce5\" data-element_type=\"widget\" data-e-type=\"widget\" data-widget_type=\"heading.default\">\n\t\t\t\t<div class=\"elementor-widget-container\">\n\t\t\t\t\t<h1 class=\"elementor-heading-title elementor-size-default\">Applications<\/h1>\t\t\t\t<\/div>\n\t\t\t\t<\/div>\n\t\t\t\t<div class=\"elementor-element elementor-element-56dc9c74 descripcion elementor-invisible elementor-widget elementor-widget-text-editor\" data-id=\"56dc9c74\" data-element_type=\"widget\" data-e-type=\"widget\" data-settings=\"{&quot;_animation&quot;:&quot;fadeInLeft&quot;}\" data-widget_type=\"text-editor.default\">\n\t\t\t\t<div class=\"elementor-widget-container\">\n\t\t\t\t\t\t\t\t\t<p>Dans quels \u00e9quipements appliquons-nous nos technologies ? Quelques exemples\u2026<\/p>\n\t\t\t\t\t\t\t\t<\/div>\n\t\t\t\t<\/div>\n\t\t\t\t\t<\/div>\n\t\t<\/div>\n\t\t\t\t\t<\/div>\n\t\t<\/section>\n\t\t\t\t<section class=\"elementor-section elementor-top-section elementor-element elementor-element-757ed3e7 servicios-wrap elementor-section-boxed elementor-section-height-default elementor-section-height-default\" data-id=\"757ed3e7\" data-element_type=\"section\" data-e-type=\"section\" data-settings=\"{&quot;background_background&quot;:&quot;classic&quot;}\">\n\t\t\t\t\t\t<div class=\"elementor-container elementor-column-gap-default\">\n\t\t\t\t\t<div class=\"elementor-column elementor-col-50 elementor-top-column elementor-element elementor-element-62808c8b\" data-id=\"62808c8b\" data-element_type=\"column\" data-e-type=\"column\" data-settings=\"{&quot;background_background&quot;:&quot;classic&quot;}\">\n\t\t\t<div class=\"elementor-widget-wrap elementor-element-populated\">\n\t\t\t\t\t\t<div class=\"elementor-element elementor-element-7fbf8097 elementor-widget elementor-widget-image\" data-id=\"7fbf8097\" data-element_type=\"widget\" data-e-type=\"widget\" data-widget_type=\"image.default\">\n\t\t\t\t<div class=\"elementor-widget-container\">\n\t\t\t\t\t\t\t\t\t\t\t\t\t\t\t\t<a href=\"https:\/\/tmcomas.com\/fr\/aplicacion\/turbomachines\/\">\n\t\t\t\t\t\t\t<img fetchpriority=\"high\" decoding=\"async\" width=\"768\" height=\"320\" src=\"https:\/\/tmcomas.com\/wp-content\/uploads\/aplicaciones-apartado-turbomaquinas-768x320.jpg\" class=\"attachment-medium_large size-medium_large wp-image-13397\" alt=\"Turbom\u00e1quinas\" srcset=\"https:\/\/tmcomas.com\/wp-content\/uploads\/aplicaciones-apartado-turbomaquinas-768x320.jpg 768w, https:\/\/tmcomas.com\/wp-content\/uploads\/aplicaciones-apartado-turbomaquinas-300x125.jpg 300w, https:\/\/tmcomas.com\/wp-content\/uploads\/aplicaciones-apartado-turbomaquinas.jpg 960w\" sizes=\"(max-width: 768px) 100vw, 768px\" \/>\t\t\t\t\t\t\t\t<\/a>\n\t\t\t\t\t\t\t\t\t\t\t\t\t\t\t<\/div>\n\t\t\t\t<\/div>\n\t\t\t\t<div class=\"elementor-element elementor-element-779d4ae5 elementor-widget elementor-widget-heading\" data-id=\"779d4ae5\" data-element_type=\"widget\" data-e-type=\"widget\" data-widget_type=\"heading.default\">\n\t\t\t\t<div class=\"elementor-widget-container\">\n\t\t\t\t\t<h2 class=\"elementor-heading-title elementor-size-default\"><a href=\"https:\/\/tmcomas.com\/fr\/aplicacion\/turbomachines\/\">Turbomachines<\/a><\/h2>\t\t\t\t<\/div>\n\t\t\t\t<\/div>\n\t\t\t\t<div class=\"elementor-element elementor-element-b37ced elementor-widget elementor-widget-text-editor\" data-id=\"b37ced\" data-element_type=\"widget\" data-e-type=\"widget\" data-widget_type=\"text-editor.default\">\n\t\t\t\t<div class=\"elementor-widget-container\">\n\t\t\t\t\t\t\t\t\t<p>Las Turbomachines sont des \u00e9quipements critiques de diff\u00e9rents types ayant pour but d\u2019augmenter la pression d\u2019un fluide, le d\u00e9placer ou obtenir le mouvement d\u2019un axe. Ils s\u2019utilisent dans des processus industriels, p\u00e9trochimiques et de production d\u2019\u00e9nergie.<\/p><p><a href=\"https:\/\/tmcomas.com\/fr\/aplicacion\/turbomachines\/\">Informations compl\u00e9mentaires &gt;<\/a><\/p>\t\t\t\t\t\t\t\t<\/div>\n\t\t\t\t<\/div>\n\t\t\t\t\t<\/div>\n\t\t<\/div>\n\t\t\t\t<div class=\"elementor-column elementor-col-50 elementor-top-column elementor-element elementor-element-38892b1e\" data-id=\"38892b1e\" data-element_type=\"column\" data-e-type=\"column\" data-settings=\"{&quot;background_background&quot;:&quot;classic&quot;}\">\n\t\t\t<div class=\"elementor-widget-wrap elementor-element-populated\">\n\t\t\t\t\t\t<div class=\"elementor-element elementor-element-1de618c2 elementor-widget elementor-widget-image\" data-id=\"1de618c2\" data-element_type=\"widget\" data-e-type=\"widget\" data-widget_type=\"image.default\">\n\t\t\t\t<div class=\"elementor-widget-container\">\n\t\t\t\t\t\t\t\t\t\t\t\t\t\t\t\t<a href=\"https:\/\/tmcomas.com\/fr\/aplicacion\/machines-tournantes\/\">\n\t\t\t\t\t\t\t<img decoding=\"async\" width=\"768\" height=\"320\" src=\"https:\/\/tmcomas.com\/wp-content\/uploads\/aplicaciones-apartado-maquinas-rotativas-768x320.jpg\" class=\"attachment-medium_large size-medium_large wp-image-13403\" alt=\"M\u00e1quinas rotativas\" srcset=\"https:\/\/tmcomas.com\/wp-content\/uploads\/aplicaciones-apartado-maquinas-rotativas-768x320.jpg 768w, https:\/\/tmcomas.com\/wp-content\/uploads\/aplicaciones-apartado-maquinas-rotativas-300x125.jpg 300w, https:\/\/tmcomas.com\/wp-content\/uploads\/aplicaciones-apartado-maquinas-rotativas.jpg 960w\" sizes=\"(max-width: 768px) 100vw, 768px\" \/>\t\t\t\t\t\t\t\t<\/a>\n\t\t\t\t\t\t\t\t\t\t\t\t\t\t\t<\/div>\n\t\t\t\t<\/div>\n\t\t\t\t<div class=\"elementor-element elementor-element-642079b0 elementor-widget elementor-widget-heading\" data-id=\"642079b0\" data-element_type=\"widget\" data-e-type=\"widget\" data-widget_type=\"heading.default\">\n\t\t\t\t<div class=\"elementor-widget-container\">\n\t\t\t\t\t<h2 class=\"elementor-heading-title elementor-size-default\"><a href=\"https:\/\/tmcomas.com\/fr\/aplicacion\/machines-tournantes\/\">Machines Tournantes<\/a><\/h2>\t\t\t\t<\/div>\n\t\t\t\t<\/div>\n\t\t\t\t<div class=\"elementor-element elementor-element-5684bed3 elementor-widget elementor-widget-text-editor\" data-id=\"5684bed3\" data-element_type=\"widget\" data-e-type=\"widget\" data-widget_type=\"text-editor.default\">\n\t\t\t\t<div class=\"elementor-widget-container\">\n\t\t\t\t\t\t\t\t\t<p>Machines \u00e9quip\u00e9es d\u2019un \u00e9l\u00e9ment rotatif, tel qu\u2019un moteur \u00e9lectrique, un impulseur, un arbre, un ventilateur ou autre. Les machines tournantes sont compos\u00e9es d\u2019une partie statique, fixe et d\u2019une partie mobile, rotative qui s\u2019adaptent l\u2019une \u00e0 l\u2019autre pour assurer la fonction de la machine. Elles sont pr\u00e9sentes dans les industries de production d\u2019\u00e9nergie, de transports, de sid\u00e9rurgie, de p\u00e9trochimie, du raffinage.<\/p><p><a href=\"https:\/\/tmcomas.com\/fr\/aplicacion\/machines-tournantes\/\">Informations compl\u00e9mentaires &gt;<\/a><\/p>\t\t\t\t\t\t\t\t<\/div>\n\t\t\t\t<\/div>\n\t\t\t\t\t<\/div>\n\t\t<\/div>\n\t\t\t\t\t<\/div>\n\t\t<\/section>\n\t\t\t\t<section class=\"elementor-section elementor-top-section elementor-element elementor-element-43d044bc servicios-wrap elementor-section-boxed elementor-section-height-default elementor-section-height-default\" data-id=\"43d044bc\" data-element_type=\"section\" data-e-type=\"section\" data-settings=\"{&quot;background_background&quot;:&quot;classic&quot;}\">\n\t\t\t\t\t\t<div class=\"elementor-container elementor-column-gap-default\">\n\t\t\t\t\t<div class=\"elementor-column elementor-col-50 elementor-top-column elementor-element elementor-element-386e68fe elementor-invisible\" data-id=\"386e68fe\" data-element_type=\"column\" data-e-type=\"column\" data-settings=\"{&quot;background_background&quot;:&quot;classic&quot;,&quot;animation&quot;:&quot;fadeInLeft&quot;}\">\n\t\t\t<div class=\"elementor-widget-wrap elementor-element-populated\">\n\t\t\t\t\t\t<div class=\"elementor-element elementor-element-5bafa652 elementor-widget elementor-widget-image\" data-id=\"5bafa652\" data-element_type=\"widget\" data-e-type=\"widget\" data-widget_type=\"image.default\">\n\t\t\t\t<div class=\"elementor-widget-container\">\n\t\t\t\t\t\t\t\t\t\t\t\t\t\t\t\t<a href=\"https:\/\/tmcomas.com\/fr\/aplicacion\/equipements-dextrusion-plastique\/\">\n\t\t\t\t\t\t\t<img decoding=\"async\" width=\"768\" height=\"320\" src=\"https:\/\/tmcomas.com\/wp-content\/uploads\/cuchillas-1-1-768x320.jpg\" class=\"attachment-medium_large size-medium_large wp-image-13668\" alt=\"\" srcset=\"https:\/\/tmcomas.com\/wp-content\/uploads\/cuchillas-1-1-768x320.jpg 768w, https:\/\/tmcomas.com\/wp-content\/uploads\/cuchillas-1-1-300x125.jpg 300w, https:\/\/tmcomas.com\/wp-content\/uploads\/cuchillas-1-1.jpg 960w\" sizes=\"(max-width: 768px) 100vw, 768px\" \/>\t\t\t\t\t\t\t\t<\/a>\n\t\t\t\t\t\t\t\t\t\t\t\t\t\t\t<\/div>\n\t\t\t\t<\/div>\n\t\t\t\t<div class=\"elementor-element elementor-element-2baedc35 elementor-widget elementor-widget-heading\" data-id=\"2baedc35\" data-element_type=\"widget\" data-e-type=\"widget\" data-widget_type=\"heading.default\">\n\t\t\t\t<div class=\"elementor-widget-container\">\n\t\t\t\t\t<h2 class=\"elementor-heading-title elementor-size-default\"><a href=\"https:\/\/tmcomas.com\/fr\/aplicacion\/equipements-dextrusion-plastique\/\">\u00c9quipements d\u2019Extrusion Plastique<\/a><\/h2>\t\t\t\t<\/div>\n\t\t\t\t<\/div>\n\t\t\t\t<div class=\"elementor-element elementor-element-1a081aed elementor-widget elementor-widget-text-editor\" data-id=\"1a081aed\" data-element_type=\"widget\" data-e-type=\"widget\" data-widget_type=\"text-editor.default\">\n\t\t\t\t<div class=\"elementor-widget-container\">\n\t\t\t\t\t\t\t\t\t<p>Machines ayant pour fonction de m\u00e9langer ou de granuler le flux d\u2019un polym\u00e8re. Les \u00e9quipements d\u2019extrusion sont compos\u00e9s de mati\u00e8re consommable, de pi\u00e8ces qui subissent une usure par abrasion et d\u2019une usure par frottement tout au long de leur dur\u00e9e de vie.<\/p><p><a href=\"https:\/\/tmcomas.com\/fr\/aplicacion\/equipements-dextrusion-plastique\/\">Informations compl\u00e9mentaires &gt;<\/a><\/p>\t\t\t\t\t\t\t\t<\/div>\n\t\t\t\t<\/div>\n\t\t\t\t\t<\/div>\n\t\t<\/div>\n\t\t\t\t<div class=\"elementor-column elementor-col-50 elementor-top-column elementor-element elementor-element-6841fc9d elementor-invisible\" data-id=\"6841fc9d\" data-element_type=\"column\" data-e-type=\"column\" data-settings=\"{&quot;background_background&quot;:&quot;classic&quot;,&quot;animation&quot;:&quot;fadeInRight&quot;}\">\n\t\t\t<div class=\"elementor-widget-wrap elementor-element-populated\">\n\t\t\t\t\t\t<div class=\"elementor-element elementor-element-14c0ac18 elementor-widget elementor-widget-image\" data-id=\"14c0ac18\" data-element_type=\"widget\" data-e-type=\"widget\" data-widget_type=\"image.default\">\n\t\t\t\t<div class=\"elementor-widget-container\">\n\t\t\t\t\t\t\t\t\t\t\t\t\t\t\t\t<a href=\"https:\/\/tmcomas.com\/fr\/aplicacion\/vannes\/\">\n\t\t\t\t\t\t\t<img loading=\"lazy\" decoding=\"async\" width=\"768\" height=\"320\" src=\"https:\/\/tmcomas.com\/wp-content\/uploads\/bolas-1-768x320.jpg\" class=\"attachment-medium_large size-medium_large wp-image-13656\" alt=\"\" srcset=\"https:\/\/tmcomas.com\/wp-content\/uploads\/bolas-1-768x320.jpg 768w, https:\/\/tmcomas.com\/wp-content\/uploads\/bolas-1-300x125.jpg 300w, https:\/\/tmcomas.com\/wp-content\/uploads\/bolas-1.jpg 960w\" sizes=\"(max-width: 768px) 100vw, 768px\" \/>\t\t\t\t\t\t\t\t<\/a>\n\t\t\t\t\t\t\t\t\t\t\t\t\t\t\t<\/div>\n\t\t\t\t<\/div>\n\t\t\t\t<div class=\"elementor-element elementor-element-c9148a4 elementor-widget elementor-widget-heading\" data-id=\"c9148a4\" data-element_type=\"widget\" data-e-type=\"widget\" data-widget_type=\"heading.default\">\n\t\t\t\t<div class=\"elementor-widget-container\">\n\t\t\t\t\t<h2 class=\"elementor-heading-title elementor-size-default\"><a href=\"https:\/\/tmcomas.com\/fr\/aplicacion\/vannes\/\">Vannes<\/a><\/h2>\t\t\t\t<\/div>\n\t\t\t\t<\/div>\n\t\t\t\t<div class=\"elementor-element elementor-element-8279f43 elementor-widget elementor-widget-text-editor\" data-id=\"8279f43\" data-element_type=\"widget\" data-e-type=\"widget\" data-widget_type=\"text-editor.default\">\n\t\t\t\t<div class=\"elementor-widget-container\">\n\t\t\t\t\t\t\t\t\t<p>Dispositifs m\u00e9caniques ayant pour but de d\u00e9marrer, de retenir ou de r\u00e9guler un flux, qu\u2019il s\u2019agisse d\u2019un liquide ou d\u2019un gaz, au moyen d\u2019une partie mobile \u00e0 l\u2019int\u00e9rieur d\u2019un conduit. Tr\u00e8s utilis\u00e9es dans le secteur de la p\u00e9trochimie et du raffinage.<\/p><p><a href=\"https:\/\/tmcomas.com\/fr\/aplicacion\/vannes\/\">Informations compl\u00e9mentaires &gt;<\/a><\/p>\t\t\t\t\t\t\t\t<\/div>\n\t\t\t\t<\/div>\n\t\t\t\t\t<\/div>\n\t\t<\/div>\n\t\t\t\t\t<\/div>\n\t\t<\/section>\n\t\t\t\t<section class=\"elementor-section elementor-top-section elementor-element elementor-element-37ce44d3 servicios-wrap elementor-section-boxed elementor-section-height-default elementor-section-height-default\" data-id=\"37ce44d3\" data-element_type=\"section\" data-e-type=\"section\" data-settings=\"{&quot;background_background&quot;:&quot;classic&quot;}\">\n\t\t\t\t\t\t<div class=\"elementor-container elementor-column-gap-default\">\n\t\t\t\t\t<div class=\"elementor-column elementor-col-50 elementor-top-column elementor-element elementor-element-3c9c940a elementor-invisible\" data-id=\"3c9c940a\" data-element_type=\"column\" data-e-type=\"column\" data-settings=\"{&quot;background_background&quot;:&quot;classic&quot;,&quot;animation&quot;:&quot;fadeInLeft&quot;}\">\n\t\t\t<div class=\"elementor-widget-wrap elementor-element-populated\">\n\t\t\t\t\t\t<div class=\"elementor-element elementor-element-3151c0a9 elementor-widget elementor-widget-image\" data-id=\"3151c0a9\" data-element_type=\"widget\" data-e-type=\"widget\" data-widget_type=\"image.default\">\n\t\t\t\t<div class=\"elementor-widget-container\">\n\t\t\t\t\t\t\t\t\t\t\t\t\t\t\t\t<a href=\"https:\/\/tmcomas.com\/fr\/aplicacion\/elements-dusure\/\">\n\t\t\t\t\t\t\t<img loading=\"lazy\" decoding=\"async\" width=\"768\" height=\"320\" src=\"https:\/\/tmcomas.com\/wp-content\/uploads\/martillo-768x320.jpg\" class=\"attachment-medium_large size-medium_large wp-image-13680\" alt=\"\" srcset=\"https:\/\/tmcomas.com\/wp-content\/uploads\/martillo-768x320.jpg 768w, https:\/\/tmcomas.com\/wp-content\/uploads\/martillo-300x125.jpg 300w, https:\/\/tmcomas.com\/wp-content\/uploads\/martillo.jpg 960w\" sizes=\"(max-width: 768px) 100vw, 768px\" \/>\t\t\t\t\t\t\t\t<\/a>\n\t\t\t\t\t\t\t\t\t\t\t\t\t\t\t<\/div>\n\t\t\t\t<\/div>\n\t\t\t\t<div class=\"elementor-element elementor-element-6b4c3534 elementor-widget elementor-widget-heading\" data-id=\"6b4c3534\" data-element_type=\"widget\" data-e-type=\"widget\" data-widget_type=\"heading.default\">\n\t\t\t\t<div class=\"elementor-widget-container\">\n\t\t\t\t\t<h2 class=\"elementor-heading-title elementor-size-default\"><a href=\"https:\/\/tmcomas.com\/fr\/aplicacion\/elements-dusure\/\">\u00c9l\u00e9ments d\u2019Usure <\/a><\/h2>\t\t\t\t<\/div>\n\t\t\t\t<\/div>\n\t\t\t\t<div class=\"elementor-element elementor-element-3fa5c222 elementor-widget elementor-widget-text-editor\" data-id=\"3fa5c222\" data-element_type=\"widget\" data-e-type=\"widget\" data-widget_type=\"text-editor.default\">\n\t\t\t\t<div class=\"elementor-widget-container\">\n\t\t\t\t\t\t\t\t\t<p>Les \u00e9l\u00e9ments d\u2019usure subissent une \u00e9rosion du mat\u00e9riau provoqu\u00e9e par l\u2019action d\u2019une surface contre une partie solide. Il s\u2019agit d\u2019une action m\u00e9canique attribu\u00e9e aux propri\u00e9t\u00e9s de surface de ces \u00e9l\u00e9ments.<\/p><p><a href=\"https:\/\/tmcomas.com\/fr\/aplicacion\/elements-dusure\/\">Informations compl\u00e9mentaires&gt;<\/a><\/p>\t\t\t\t\t\t\t\t<\/div>\n\t\t\t\t<\/div>\n\t\t\t\t\t<\/div>\n\t\t<\/div>\n\t\t\t\t<div class=\"elementor-column elementor-col-50 elementor-top-column elementor-element elementor-element-bd644c5 elementor-invisible\" data-id=\"bd644c5\" data-element_type=\"column\" data-e-type=\"column\" data-settings=\"{&quot;background_background&quot;:&quot;classic&quot;,&quot;animation&quot;:&quot;fadeInRight&quot;}\">\n\t\t\t<div class=\"elementor-widget-wrap elementor-element-populated\">\n\t\t\t\t\t\t<div class=\"elementor-element elementor-element-9d91a99 elementor-widget elementor-widget-image\" data-id=\"9d91a99\" data-element_type=\"widget\" data-e-type=\"widget\" data-widget_type=\"image.default\">\n\t\t\t\t<div class=\"elementor-widget-container\">\n\t\t\t\t\t\t\t\t\t\t\t\t\t\t\t\t<a href=\"https:\/\/tmcomas.com\/fr\/aplicacion\/inspection-et-analyse\/\">\n\t\t\t\t\t\t\t<img loading=\"lazy\" decoding=\"async\" width=\"768\" height=\"320\" src=\"https:\/\/tmcomas.com\/wp-content\/uploads\/inspeccion-768x320.jpg\" class=\"attachment-medium_large size-medium_large wp-image-13692\" alt=\"\" srcset=\"https:\/\/tmcomas.com\/wp-content\/uploads\/inspeccion-768x320.jpg 768w, https:\/\/tmcomas.com\/wp-content\/uploads\/inspeccion-300x125.jpg 300w, https:\/\/tmcomas.com\/wp-content\/uploads\/inspeccion.jpg 960w\" sizes=\"(max-width: 768px) 100vw, 768px\" \/>\t\t\t\t\t\t\t\t<\/a>\n\t\t\t\t\t\t\t\t\t\t\t\t\t\t\t<\/div>\n\t\t\t\t<\/div>\n\t\t\t\t<div class=\"elementor-element elementor-element-aeb2271 elementor-widget elementor-widget-heading\" data-id=\"aeb2271\" data-element_type=\"widget\" data-e-type=\"widget\" data-widget_type=\"heading.default\">\n\t\t\t\t<div class=\"elementor-widget-container\">\n\t\t\t\t\t<h2 class=\"elementor-heading-title elementor-size-default\"><a href=\"https:\/\/tmcomas.com\/fr\/aplicacion\/inspection-et-analyse\/\">Inspection et Analyse<\/a><\/h2>\t\t\t\t<\/div>\n\t\t\t\t<\/div>\n\t\t\t\t<div class=\"elementor-element elementor-element-4e9fe2f elementor-widget elementor-widget-text-editor\" data-id=\"4e9fe2f\" data-element_type=\"widget\" data-e-type=\"widget\" data-widget_type=\"text-editor.default\">\n\t\t\t\t<div class=\"elementor-widget-container\">\n\t\t\t\t\t\t\t\t\t<p>Divers syst\u00e8mes d\u2019inspection et d\u2019analyse comme le contr\u00f4le de qualit\u00e9 qui servent \u00e0 examiner et \u00e0 mesurer les caract\u00e9ristiques des pi\u00e8ces dont le travail de fabrication ou de r\u00e9paration est termin\u00e9.<\/p><p><a href=\"https:\/\/tmcomas.com\/fr\/aplicacion\/inspection-et-analyse\/\">Informations compl\u00e9mentaires &gt;<\/a><\/p>\t\t\t\t\t\t\t\t<\/div>\n\t\t\t\t<\/div>\n\t\t\t\t\t<\/div>\n\t\t<\/div>\n\t\t\t\t\t<\/div>\n\t\t<\/section>\n\t\t\t\t<section class=\"elementor-section elementor-top-section elementor-element elementor-element-041bdde servicios-wrap elementor-section-boxed elementor-section-height-default elementor-section-height-default\" data-id=\"041bdde\" data-element_type=\"section\" data-e-type=\"section\" data-settings=\"{&quot;background_background&quot;:&quot;classic&quot;}\">\n\t\t\t\t\t\t<div class=\"elementor-container elementor-column-gap-default\">\n\t\t\t\t\t<div class=\"elementor-column elementor-col-50 elementor-top-column elementor-element elementor-element-6179ef7 elementor-invisible\" data-id=\"6179ef7\" data-element_type=\"column\" data-e-type=\"column\" data-settings=\"{&quot;background_background&quot;:&quot;classic&quot;,&quot;animation&quot;:&quot;fadeInLeft&quot;}\">\n\t\t\t<div class=\"elementor-widget-wrap elementor-element-populated\">\n\t\t\t\t\t\t\t<\/div>\n\t\t<\/div>\n\t\t\t\t<div class=\"elementor-column elementor-col-50 elementor-top-column elementor-element elementor-element-43c75ea elementor-invisible\" data-id=\"43c75ea\" data-element_type=\"column\" data-e-type=\"column\" data-settings=\"{&quot;background_background&quot;:&quot;classic&quot;,&quot;animation&quot;:&quot;fadeInRight&quot;}\">\n\t\t\t<div class=\"elementor-widget-wrap elementor-element-populated\">\n\t\t\t\t\t\t<div class=\"elementor-element elementor-element-5957123 elementor-widget elementor-widget-text-editor\" data-id=\"5957123\" data-element_type=\"widget\" data-e-type=\"widget\" data-widget_type=\"text-editor.default\">\n\t\t\t\t<div class=\"elementor-widget-container\">\n\t\t\t\t\t\t\t\t\t<p>\u00a0<\/p>\n<p>\u00a0<\/p>\n\t\t\t\t\t\t\t\t<\/div>\n\t\t\t\t<\/div>\n\t\t\t\t\t<\/div>\n\t\t<\/div>\n\t\t\t\t\t<\/div>\n\t\t<\/section>\n\t\t\t\t<section class=\"elementor-section elementor-top-section elementor-element elementor-element-448d9a86 elementor-section-boxed elementor-section-height-default elementor-section-height-default\" data-id=\"448d9a86\" data-element_type=\"section\" data-e-type=\"section\" data-settings=\"{&quot;background_background&quot;:&quot;classic&quot;}\">\n\t\t\t\t\t\t<div class=\"elementor-container elementor-column-gap-default\">\n\t\t\t\t\t<div class=\"elementor-column elementor-col-100 elementor-top-column elementor-element elementor-element-5e6271cb\" data-id=\"5e6271cb\" data-element_type=\"column\" data-e-type=\"column\">\n\t\t\t<div class=\"elementor-widget-wrap elementor-element-populated\">\n\t\t\t\t\t\t<div class=\"elementor-element elementor-element-c3c04 elementor-align-center elementor-mobile-align-center elementor-invisible elementor-widget elementor-widget-button\" data-id=\"c3c04\" data-element_type=\"widget\" data-e-type=\"widget\" data-settings=\"{&quot;_animation&quot;:&quot;fadeInRight&quot;}\" data-widget_type=\"button.default\">\n\t\t\t\t<div class=\"elementor-widget-container\">\n\t\t\t\t\t\t\t\t\t<div class=\"elementor-button-wrapper\">\n\t\t\t\t\t<a class=\"elementor-button elementor-button-link elementor-size-lg\" href=\"https:\/\/tmcomas.com\/fr\/contactez-nous\/\">\n\t\t\t\t\t\t<span class=\"elementor-button-content-wrapper\">\n\t\t\t\t\t\t\t\t\t<span class=\"elementor-button-text\">Contactez nous<\/span>\n\t\t\t\t\t<\/span>\n\t\t\t\t\t<\/a>\n\t\t\t\t<\/div>\n\t\t\t\t\t\t\t\t<\/div>\n\t\t\t\t<\/div>\n\t\t\t\t\t<\/div>\n\t\t<\/div>\n\t\t\t\t\t<\/div>\n\t\t<\/section>\n\t\t\t\t<\/div>\n\t\t","protected":false},"excerpt":{"rendered":"<p>Dans quels \u00e9quipements appliquons-nous nos technologies ? Quelques exemples\u2026 Turbomachines Las Turbomachines sont des \u00e9quipements critiques de diff\u00e9rents types ayant pour but d\u2019augmenter la pression d\u2019un fluide, le d\u00e9placer ou obtenir le mouvement d\u2019un axe. Ils s\u2019utilisent dans des processus industriels, p\u00e9trochimiques et de production d\u2019\u00e9nergie. Informations compl\u00e9mentaires &gt; Machines Tournantes Machines \u00e9quip\u00e9es d\u2019un \u00e9l\u00e9ment [&hellip;]<\/p>\n","protected":false},"author":1,"featured_media":0,"parent":0,"menu_order":3,"comment_status":"closed","ping_status":"closed","template":"elementor_header_footer","meta":{"site-sidebar-layout":"no-sidebar","site-content-layout":"page-builder","ast-site-content-layout":"default","site-content-style":"default","site-sidebar-style":"default","ast-global-header-display":"","ast-banner-title-visibility":"","ast-main-header-display":"","ast-hfb-above-header-display":"","ast-hfb-below-header-display":"","ast-hfb-mobile-header-display":"","site-post-title":"disabled","ast-breadcrumbs-content":"","ast-featured-img":"disabled","footer-sml-layout":"","theme-transparent-header-meta":"default","adv-header-id-meta":"","stick-header-meta":"","header-above-stick-meta":"","header-main-stick-meta":"","header-below-stick-meta":"","astra-migrate-meta-layouts":"default","ast-page-background-enabled":"default","ast-page-background-meta":{"desktop":{"background-color":"","background-image":"","background-repeat":"repeat","background-position":"center center","background-size":"auto","background-attachment":"scroll","background-type":"","background-media":"","overlay-type":"","overlay-color":"","overlay-opacity":"","overlay-gradient":""},"tablet":{"background-color":"","background-image":"","background-repeat":"repeat","background-position":"center center","background-size":"auto","background-attachment":"scroll","background-type":"","background-media":"","overlay-type":"","overlay-color":"","overlay-opacity":"","overlay-gradient":""},"mobile":{"background-color":"","background-image":"","background-repeat":"repeat","background-position":"center center","background-size":"auto","background-attachment":"scroll","background-type":"","background-media":"","overlay-type":"","overlay-color":"","overlay-opacity":"","overlay-gradient":""}},"ast-content-background-meta":{"desktop":{"background-color":"var(--ast-global-color-5)","background-image":"","background-repeat":"repeat","background-position":"center center","background-size":"auto","background-attachment":"scroll","background-type":"","background-media":"","overlay-type":"","overlay-color":"","overlay-opacity":"","overlay-gradient":""},"tablet":{"background-color":"var(--ast-global-color-5)","background-image":"","background-repeat":"repeat","background-position":"center center","background-size":"auto","background-attachment":"scroll","background-type":"","background-media":"","overlay-type":"","overlay-color":"","overlay-opacity":"","overlay-gradient":""},"mobile":{"background-color":"var(--ast-global-color-5)","background-image":"","background-repeat":"repeat","background-position":"center center","background-size":"auto","background-attachment":"scroll","background-type":"","background-media":"","overlay-type":"","overlay-color":"","overlay-opacity":"","overlay-gradient":""}},"_joinchat":[],"footnotes":""},"class_list":["post-13617","page","type-page","status-publish","hentry"],"_links":{"self":[{"href":"https:\/\/tmcomas.com\/fr\/wp-json\/wp\/v2\/pages\/13617","targetHints":{"allow":["GET"]}}],"collection":[{"href":"https:\/\/tmcomas.com\/fr\/wp-json\/wp\/v2\/pages"}],"about":[{"href":"https:\/\/tmcomas.com\/fr\/wp-json\/wp\/v2\/types\/page"}],"author":[{"embeddable":true,"href":"https:\/\/tmcomas.com\/fr\/wp-json\/wp\/v2\/users\/1"}],"replies":[{"embeddable":true,"href":"https:\/\/tmcomas.com\/fr\/wp-json\/wp\/v2\/comments?post=13617"}],"version-history":[{"count":39,"href":"https:\/\/tmcomas.com\/fr\/wp-json\/wp\/v2\/pages\/13617\/revisions"}],"predecessor-version":[{"id":15716,"href":"https:\/\/tmcomas.com\/fr\/wp-json\/wp\/v2\/pages\/13617\/revisions\/15716"}],"wp:attachment":[{"href":"https:\/\/tmcomas.com\/fr\/wp-json\/wp\/v2\/media?parent=13617"}],"curies":[{"name":"wp","href":"https:\/\/api.w.org\/{rel}","templated":true}]}}