{"id":9830,"date":"2019-08-02T14:01:54","date_gmt":"2019-08-02T12:01:54","guid":{"rendered":"https:\/\/tmcomas.com\/aviso-legal\/"},"modified":"2020-11-13T17:42:29","modified_gmt":"2020-11-13T16:42:29","slug":"mentions-legales","status":"publish","type":"page","link":"https:\/\/tmcomas.com\/fr\/mentions-legales\/","title":{"rendered":"Mentions l\u00e9gales"},"content":{"rendered":"\t\t<div data-elementor-type=\"wp-page\" data-elementor-id=\"9830\" class=\"elementor elementor-9830 elementor-56\" data-elementor-post-type=\"page\">\n\t\t\t\t\t\t<section class=\"elementor-section elementor-top-section elementor-element elementor-element-4b4feb1 elementor-section-boxed elementor-section-height-default elementor-section-height-default\" data-id=\"4b4feb1\" data-element_type=\"section\" data-e-type=\"section\">\n\t\t\t\t\t\t<div class=\"elementor-container elementor-column-gap-default\">\n\t\t\t\t\t<div class=\"elementor-column elementor-col-100 elementor-top-column elementor-element elementor-element-a2435e6\" data-id=\"a2435e6\" data-element_type=\"column\" data-e-type=\"column\">\n\t\t\t<div class=\"elementor-widget-wrap elementor-element-populated\">\n\t\t\t\t\t\t<div class=\"elementor-element elementor-element-b8bb6c3 elementor-widget elementor-widget-heading\" data-id=\"b8bb6c3\" data-element_type=\"widget\" data-e-type=\"widget\" data-widget_type=\"heading.default\">\n\t\t\t\t<div class=\"elementor-widget-container\">\n\t\t\t\t\t<h2 class=\"elementor-heading-title elementor-size-default\">Mentions l\u00e9gales<\/h2>\t\t\t\t<\/div>\n\t\t\t\t<\/div>\n\t\t\t\t<div class=\"elementor-element elementor-element-b7f0984 elementor-widget elementor-widget-text-editor\" data-id=\"b7f0984\" data-element_type=\"widget\" data-e-type=\"widget\" data-widget_type=\"text-editor.default\">\n\t\t\t\t<div class=\"elementor-widget-container\">\n\t\t\t\t\t\t\t\t\t<p>Le site web et le domaine tmcomas.com correspondent \u00e0 <strong><span class=\"secondary-color\">TM<\/span><span class=\"primary-color\">COMAS<\/span><\/strong>, appartenant \u00e0 TALLERES MECANICOS COMAS S.L.U., avec NIF B17881939 et adresse \u00e0 C\/ Forn de la Cal\u00e7, num. 10, de Blanes (CP: 17300), t\u00e9l\u00e9phone: 972 33 06 00 et email: info@tmcomas.local.<\/p><h3>Propri\u00e9t\u00e9 intellectuelle e industrielle<\/h3><p>Le contenu de ce site, y compris le texte, les images et les designs graphiques, appartiennent \u00e0 <strong><span class=\"secondary-color\">TM<\/span><span class=\"primary-color\">COMAS<\/span><\/strong>, ou au tiers ayant autoris\u00e9 son utilisation. <strong><span class=\"secondary-color\">TM<\/span><span class=\"primary-color\">COMAS<\/span><\/strong> pr\u00e9sente ces contenus \u00e0 des fins d&#8217;information et de publicit\u00e9. <strong><span class=\"secondary-color\">TM<\/span><span class=\"primary-color\">COMAS<\/span><\/strong> autorise son utilisation exclusivement \u00e0 ces fins. Toute utilisation de ces dessins, des images ou des textes devra mentionner express\u00e9ment la propri\u00e9t\u00e9 de <strong><span class=\"secondary-color\">TM<\/span><span class=\"primary-color\">COMAS<\/span><\/strong>, qui \u00e0 son tour se r\u00e9serve le droit de prendre des mesures juridiques appropri\u00e9es pour r\u00e9parer les dommages et les pr\u00e9judices caus\u00e9s par un acte qui viole leurs droits de propri\u00e9t\u00e9 intellectuelle.<\/p><p>Nous n\u2019autorisons pas les pr\u00e9sentations du contenu de ce site dans une vente \u00e0 l\u2019ext\u00e9rieur de tmcomas.com.<\/p><h3>Responsabilit\u00e9 sur les contenus<\/h3><p>Bien que <strong><span class=\"secondary-color\">TM<\/span><span class=\"primary-color\">COMAS<\/span><\/strong> agisse avec la plus grande attention, il peut y avoir des donn\u00e9es ou des informations qui ne soient pas enti\u00e8rement en cours lorsde l&#8217;utilisation du site. Ainsi, <strong><span class=\"secondary-color\">TM<\/span><span class=\"primary-color\">COMAS<\/span><\/strong> indique que les r\u00e9f\u00e9rences des produits et services pr\u00e9sent\u00e9s sur le site sont indicatives et n\u2019obligent pas <strong><span class=\"secondary-color\">TM<\/span><span class=\"primary-color\">COMAS<\/span><\/strong> \u00e0 effectuer un contrat.<\/p><p><strong><span class=\"secondary-color\">TM<\/span><span class=\"primary-color\">COMAS<\/span><\/strong> se r\u00e9serve le droit de modifier unilat\u00e9ralement, \u00e0 tout moment et sans pr\u00e9avis, la pr\u00e9sentation, la configuration et le contenu du site.<\/p><p><strong><span class=\"secondary-color\">TM<\/span><span class=\"primary-color\">COMAS<\/span><\/strong> ne sera pas responsable de l&#8217;information qui peut \u00eatre obtenue gr\u00e2ce \u00e0 des liens inclus dans le site.<\/p><h3>Conditions d&#8217;utilisation<\/h3><p>L&#8217;utilisation de ce site implique l&#8217;acceptation totale des termes et conditions du pr\u00e9sent avis juridique. Les conflits potentiels li\u00e9s \u00e0 ce site seront r\u00e9gies exclusivement par la loi de l&#8217;\u00c9tat espagnol. Tous les utilisateurs du web, quelle que soit la comp\u00e9tence territoriale \u00e0 partir de laquelle l&#8217;acc\u00e8s se produit, acceptent la conformit\u00e9 et le respecte de ces clauses en renon\u00e7ant express\u00e9ment \u00e0 toute autre juridiction qui pourrait correspondre.<\/p>\t\t\t\t\t\t\t\t<\/div>\n\t\t\t\t<\/div>\n\t\t\t\t\t<\/div>\n\t\t<\/div>\n\t\t\t\t\t<\/div>\n\t\t<\/section>\n\t\t\t\t<\/div>\n\t\t","protected":false},"excerpt":{"rendered":"<p>Le site web et le domaine tmcomas.com correspondent \u00e0 TMCOMAS, appartenant \u00e0 TALLERES MECANICOS COMAS S.L.U., avec NIF B17881939 et adresse \u00e0 C\/ Forn de la Cal\u00e7, num. 10, de Blanes (CP: 17300), t\u00e9l\u00e9phone: 972 33 06 00 et email: info@tmcomas.local. Propri\u00e9t\u00e9 intellectuelle e industrielle Le contenu de ce site, y compris le texte, les [&hellip;]<\/p>\n","protected":false},"author":1,"featured_media":0,"parent":0,"menu_order":101,"comment_status":"closed","ping_status":"closed","template":"elementor_header_footer","meta":{"site-sidebar-layout":"default","site-content-layout":"default","ast-site-content-layout":"default","site-content-style":"default","site-sidebar-style":"default","ast-global-header-display":"","ast-banner-title-visibility":"","ast-main-header-display":"","ast-hfb-above-header-display":"","ast-hfb-below-header-display":"","ast-hfb-mobile-header-display":"","site-post-title":"","ast-breadcrumbs-content":"","ast-featured-img":"","footer-sml-layout":"","theme-transparent-header-meta":"default","adv-header-id-meta":"","stick-header-meta":"","header-above-stick-meta":"","header-main-stick-meta":"","header-below-stick-meta":"","astra-migrate-meta-layouts":"default","ast-page-background-enabled":"default","ast-page-background-meta":{"desktop":{"background-color":"","background-image":"","background-repeat":"repeat","background-position":"center center","background-size":"auto","background-attachment":"scroll","background-type":"","background-media":"","overlay-type":"","overlay-color":"","overlay-opacity":"","overlay-gradient":""},"tablet":{"background-color":"","background-image":"","background-repeat":"repeat","background-position":"center center","background-size":"auto","background-attachment":"scroll","background-type":"","background-media":"","overlay-type":"","overlay-color":"","overlay-opacity":"","overlay-gradient":""},"mobile":{"background-color":"","background-image":"","background-repeat":"repeat","background-position":"center center","background-size":"auto","background-attachment":"scroll","background-type":"","background-media":"","overlay-type":"","overlay-color":"","overlay-opacity":"","overlay-gradient":""}},"ast-content-background-meta":{"desktop":{"background-color":"var(--ast-global-color-5)","background-image":"","background-repeat":"repeat","background-position":"center center","background-size":"auto","background-attachment":"scroll","background-type":"","background-media":"","overlay-type":"","overlay-color":"","overlay-opacity":"","overlay-gradient":""},"tablet":{"background-color":"var(--ast-global-color-5)","background-image":"","background-repeat":"repeat","background-position":"center center","background-size":"auto","background-attachment":"scroll","background-type":"","background-media":"","overlay-type":"","overlay-color":"","overlay-opacity":"","overlay-gradient":""},"mobile":{"background-color":"var(--ast-global-color-5)","background-image":"","background-repeat":"repeat","background-position":"center center","background-size":"auto","background-attachment":"scroll","background-type":"","background-media":"","overlay-type":"","overlay-color":"","overlay-opacity":"","overlay-gradient":""}},"_joinchat":[],"footnotes":""},"class_list":["post-9830","page","type-page","status-publish","hentry"],"_links":{"self":[{"href":"https:\/\/tmcomas.com\/fr\/wp-json\/wp\/v2\/pages\/9830","targetHints":{"allow":["GET"]}}],"collection":[{"href":"https:\/\/tmcomas.com\/fr\/wp-json\/wp\/v2\/pages"}],"about":[{"href":"https:\/\/tmcomas.com\/fr\/wp-json\/wp\/v2\/types\/page"}],"author":[{"embeddable":true,"href":"https:\/\/tmcomas.com\/fr\/wp-json\/wp\/v2\/users\/1"}],"replies":[{"embeddable":true,"href":"https:\/\/tmcomas.com\/fr\/wp-json\/wp\/v2\/comments?post=9830"}],"version-history":[{"count":0,"href":"https:\/\/tmcomas.com\/fr\/wp-json\/wp\/v2\/pages\/9830\/revisions"}],"wp:attachment":[{"href":"https:\/\/tmcomas.com\/fr\/wp-json\/wp\/v2\/media?parent=9830"}],"curies":[{"name":"wp","href":"https:\/\/api.w.org\/{rel}","templated":true}]}}