{"id":9832,"date":"2019-08-02T14:02:17","date_gmt":"2019-08-02T12:02:17","guid":{"rendered":"https:\/\/tmcomas.com\/politica-de-cookies\/"},"modified":"2020-11-13T17:41:48","modified_gmt":"2020-11-13T16:41:48","slug":"politique-de-cookies","status":"publish","type":"page","link":"https:\/\/tmcomas.com\/fr\/politique-de-cookies\/","title":{"rendered":"Politique de cookies"},"content":{"rendered":"\t\t<div data-elementor-type=\"wp-page\" data-elementor-id=\"9832\" class=\"elementor elementor-9832 elementor-58\" data-elementor-post-type=\"page\">\n\t\t\t\t\t\t<section class=\"elementor-section elementor-top-section elementor-element elementor-element-59383be elementor-section-boxed elementor-section-height-default elementor-section-height-default\" data-id=\"59383be\" data-element_type=\"section\" data-e-type=\"section\">\n\t\t\t\t\t\t<div class=\"elementor-container elementor-column-gap-default\">\n\t\t\t\t\t<div class=\"elementor-column elementor-col-100 elementor-top-column elementor-element elementor-element-3ebc73d\" data-id=\"3ebc73d\" data-element_type=\"column\" data-e-type=\"column\">\n\t\t\t<div class=\"elementor-widget-wrap elementor-element-populated\">\n\t\t\t\t\t\t<div class=\"elementor-element elementor-element-401f6c6 elementor-widget elementor-widget-heading\" data-id=\"401f6c6\" data-element_type=\"widget\" data-e-type=\"widget\" data-widget_type=\"heading.default\">\n\t\t\t\t<div class=\"elementor-widget-container\">\n\t\t\t\t\t<h2 class=\"elementor-heading-title elementor-size-default\">Politique de cookies<\/h2>\t\t\t\t<\/div>\n\t\t\t\t<\/div>\n\t\t\t\t<div class=\"elementor-element elementor-element-2aaea09 elementor-widget elementor-widget-text-editor\" data-id=\"2aaea09\" data-element_type=\"widget\" data-e-type=\"widget\" data-widget_type=\"text-editor.default\">\n\t\t\t\t<div class=\"elementor-widget-container\">\n\t\t\t\t\t\t\t\t\t<h3>Qu&#8217;est-ce qu&#8217;un cookie?<\/h3><p>Les cookies sont de petits fichiers qui sont envoy\u00e9s \u00e0 votre appareil lorsque vous visitez un site web. Les cookies sont renvoy\u00e9s vers le site d&#8217;origine \u00e0 chaque fois que vous le consulter, ou \u00e0 un autre site web qui reconna\u00eet le cookie. Les cookies agissent comme un rappel d&#8217;un site web, permettant \u00e0 l&#8217;appareil de rappeler les visites ult\u00e9rieures. Les cookies peuvent \u00e9galement rappeler les pr\u00e9f\u00e9rences, am\u00e9liorer l&#8217;exp\u00e9rience de l\u2019utilisateur et procurer annonces sur mesure.<\/p><p><strong>Cookies techniques<br \/><\/strong>Les cookies techniques sont essentiels et n\u00e9cessaires pour le fonctionnement correct du web et pour utiliser les diff\u00e9rentes options et services qu\u2019il offre.<\/p><p><strong>Les cookies analytiques<br \/><\/strong>Notre site utilise des cookies de Google Analytics. Les informations recueillies par les cookies sont transf\u00e9r\u00e9es et stock\u00e9es par Google sur des serveurs aux \u00c9tats-Unis, en fonction de leurs pratiques de confidentialit\u00e9. Pour plus d&#8217;informations sur la vie priv\u00e9e des pratiques de Google et comment les appliquer \u00e0 Google Analytics visitez\u00a0: <a href=\"https:\/\/support.google.com\/analytics\/answer\/6004245?hl=fr\" target=\"_blank\" rel=\"noopener\">Politique de confidentialit\u00e9 de Google Analytics<\/a>.<\/p><p><strong>Les cookies de session<br \/><\/strong>Les cookies de session sont ceux qui existent seulement pendant que l&#8217;utilisateur navigue sur le web et elles se retirent \u00e0 la fin.<\/p><h3>Comment contr\u00f4ler et supprimer les cookies<\/h3><p>La plupart des navigateurs acceptent les cookies, mais vous pouvez modifier vos param\u00e8tres de navigateur web pour refuser de nouveaux cookies, d\u00e9sactiver ceux d\u00e9j\u00e0 existants ou informer quand quelqu&#8217;un envoie un nouveau cookie sur votre appareil. Pour modifier les param\u00e8tres, suivez les instructions fournies par chaque navigateur:<\/p><p><strong>Internet Explorer<\/strong>: Outils&gt; Options Internet&gt; Confidentialit\u00e9<br \/>Ou bien <a href=\"http:\/\/windows.microsoft.com\/fr-fr\/windows7\/how-to-manage-cookies-in-internet-explorer-9\" target=\"_blank\" rel=\"noopener\">cliquez ici<\/a> pour plus d\u2019information.<\/p><p><strong>Firefox<\/strong>: Outils&gt; Options&gt; Vie priv\u00e9e&gt; Histoire&gt; R\u00e9glages personnalis\u00e9s<br \/>Ou bien <a href=\"https:\/\/support.mozilla.org\/fr\/kb\/cookies-informations-sites-enregistrent\" target=\"_blank\" rel=\"noopener\">cliquez ici<\/a> pour plus d\u2019information.<\/p><p><strong>Chrome<\/strong>: Param\u00e8tres&gt; Afficher les param\u00e8tres avanc\u00e9s&gt; Confidentialit\u00e9&gt; Param\u00e8tres du contenu<br \/>Ou bien <a href=\"https:\/\/support.google.com\/chrome\/answer\/95647?hl=fr\" target=\"_blank\" rel=\"noopener\">cliquez ici<\/a> pour plus d\u2019information.<\/p><p><strong>Safari<\/strong>: Pr\u00e9f\u00e9rences&gt; S\u00e9curit\u00e9<br \/>Ou bien <a href=\"https:\/\/support.apple.com\/kb\/ph5042?locale=en_US\" target=\"_blank\" rel=\"noopener\">cliquez ici<\/a> pour plus d\u2019information.<\/p><p><strong>Opera<\/strong>: Param\u00e8tres<br \/>Ou bien <a href=\"http:\/\/help.opera.com\/Windows\/11.60\/fr\/cookies.html\" target=\"_blank\" rel=\"noopener\">cliquez ici<\/a> pour plus d\u2019information.<\/p><p>Bloquer l&#8217;utilisation de cookies lors de la navigation peut rendre que certains services ou fonctionnalit\u00e9s du site web non disponibles.<\/p>\t\t\t\t\t\t\t\t<\/div>\n\t\t\t\t<\/div>\n\t\t\t\t\t<\/div>\n\t\t<\/div>\n\t\t\t\t\t<\/div>\n\t\t<\/section>\n\t\t\t\t<\/div>\n\t\t","protected":false},"excerpt":{"rendered":"<p>Qu&#8217;est-ce qu&#8217;un cookie? Les cookies sont de petits fichiers qui sont envoy\u00e9s \u00e0 votre appareil lorsque vous visitez un site web. Les cookies sont renvoy\u00e9s vers le site d&#8217;origine \u00e0 chaque fois que vous le consulter, ou \u00e0 un autre site web qui reconna\u00eet le cookie. Les cookies agissent comme un rappel d&#8217;un site web, [&hellip;]<\/p>\n","protected":false},"author":1,"featured_media":0,"parent":0,"menu_order":103,"comment_status":"closed","ping_status":"closed","template":"elementor_header_footer","meta":{"site-sidebar-layout":"no-sidebar","site-content-layout":"page-builder","ast-site-content-layout":"default","site-content-style":"default","site-sidebar-style":"default","ast-global-header-display":"","ast-banner-title-visibility":"","ast-main-header-display":"","ast-hfb-above-header-display":"","ast-hfb-below-header-display":"","ast-hfb-mobile-header-display":"","site-post-title":"disabled","ast-breadcrumbs-content":"","ast-featured-img":"disabled","footer-sml-layout":"","theme-transparent-header-meta":"default","adv-header-id-meta":"","stick-header-meta":"","header-above-stick-meta":"","header-main-stick-meta":"","header-below-stick-meta":"","astra-migrate-meta-layouts":"default","ast-page-background-enabled":"default","ast-page-background-meta":{"desktop":{"background-color":"","background-image":"","background-repeat":"repeat","background-position":"center center","background-size":"auto","background-attachment":"scroll","background-type":"","background-media":"","overlay-type":"","overlay-color":"","overlay-opacity":"","overlay-gradient":""},"tablet":{"background-color":"","background-image":"","background-repeat":"repeat","background-position":"center center","background-size":"auto","background-attachment":"scroll","background-type":"","background-media":"","overlay-type":"","overlay-color":"","overlay-opacity":"","overlay-gradient":""},"mobile":{"background-color":"","background-image":"","background-repeat":"repeat","background-position":"center center","background-size":"auto","background-attachment":"scroll","background-type":"","background-media":"","overlay-type":"","overlay-color":"","overlay-opacity":"","overlay-gradient":""}},"ast-content-background-meta":{"desktop":{"background-color":"var(--ast-global-color-5)","background-image":"","background-repeat":"repeat","background-position":"center center","background-size":"auto","background-attachment":"scroll","background-type":"","background-media":"","overlay-type":"","overlay-color":"","overlay-opacity":"","overlay-gradient":""},"tablet":{"background-color":"var(--ast-global-color-5)","background-image":"","background-repeat":"repeat","background-position":"center center","background-size":"auto","background-attachment":"scroll","background-type":"","background-media":"","overlay-type":"","overlay-color":"","overlay-opacity":"","overlay-gradient":""},"mobile":{"background-color":"var(--ast-global-color-5)","background-image":"","background-repeat":"repeat","background-position":"center center","background-size":"auto","background-attachment":"scroll","background-type":"","background-media":"","overlay-type":"","overlay-color":"","overlay-opacity":"","overlay-gradient":""}},"_joinchat":[],"footnotes":""},"class_list":["post-9832","page","type-page","status-publish","hentry"],"_links":{"self":[{"href":"https:\/\/tmcomas.com\/fr\/wp-json\/wp\/v2\/pages\/9832","targetHints":{"allow":["GET"]}}],"collection":[{"href":"https:\/\/tmcomas.com\/fr\/wp-json\/wp\/v2\/pages"}],"about":[{"href":"https:\/\/tmcomas.com\/fr\/wp-json\/wp\/v2\/types\/page"}],"author":[{"embeddable":true,"href":"https:\/\/tmcomas.com\/fr\/wp-json\/wp\/v2\/users\/1"}],"replies":[{"embeddable":true,"href":"https:\/\/tmcomas.com\/fr\/wp-json\/wp\/v2\/comments?post=9832"}],"version-history":[{"count":0,"href":"https:\/\/tmcomas.com\/fr\/wp-json\/wp\/v2\/pages\/9832\/revisions"}],"wp:attachment":[{"href":"https:\/\/tmcomas.com\/fr\/wp-json\/wp\/v2\/media?parent=9832"}],"curies":[{"name":"wp","href":"https:\/\/api.w.org\/{rel}","templated":true}]}}